{"id":366,"date":"2025-11-17T15:13:16","date_gmt":"2025-11-17T15:13:16","guid":{"rendered":"https:\/\/eportfolio.siue.edu\/nicholas-fowler\/?page_id=366"},"modified":"2026-03-04T21:50:19","modified_gmt":"2026-03-04T21:50:19","slug":"convirtiendose-en-el-mar","status":"publish","type":"page","link":"https:\/\/eportfolio.siue.edu\/nicholas-fowler\/convirtiendose-en-el-mar\/","title":{"rendered":"Convirti\u00e9ndose en el mar"},"content":{"rendered":"\n<p>Cuando me pasa el mundo,<br>&nbsp;m\u00e1s all\u00e1 de los recuerdos, los verbos<br>&nbsp;que se hubieran dicho.<br>Espero que quede el Misisipi.<\/p>\n\n\n\n<p>Usted, que va sin cuidar,<br>&nbsp;sin saber, sin preocuparse,<br>&nbsp;usted que me ensuci\u00f3 el cabello<br>&nbsp;con motas de tierra en su abrazo.<\/p>\n\n\n\n<p>\u00a1Que vivir\u00eda una vida como usted!<br>Mientras me quedo separado del alma,<br>&nbsp;usted es todo al mismo punto:<br>&nbsp;el alfa, la omega y la nuestra.<\/p>\n\n\n\n<p>Lo cruzo diez d\u00edas a la semana,<br>&nbsp;y no falto al honor de ser llevado por su corriente,<br>&nbsp;que las ondas llevan una memoria de m\u00ed<br>&nbsp;hasta el golfo, hacia Tl\u0101l\u014dc\u0101n.<\/p>\n\n\n\n<p>\u00a1Y que la memoria devuelva!<br>\u00a1Devuelva! En el dorso de las gotas de lluvia,<br>&nbsp;para caer otra vez<br>&nbsp;y seguir a trav\u00e9s de sus venas.<\/p>\n\n\n\n<p>Y que me diga: \u201cT\u00fa, ven conmigo\u201d.<br>Y con usted me voy<br>&nbsp;al lugar del n\u00e9ctar de Tl\u0101l\u014dc\u0101n,<br>&nbsp;y que all\u00ed, yo reuniera con los esp\u00edritus ahogados<br>&nbsp;de la civilizaci\u00f3n americana<\/p>\n\n\n\n<p>https:\/\/docs.google.com\/presentation\/d\/1I2IgXCqqHds9dZUJgCpmgqfwTQhT35fbvckLgVi5jVA\/edit?usp=drivesdk <\/p>\n\n\n\n<p><\/p>\n\n\n\n<figure class=\"wp-block-image size-large\"><img loading=\"lazy\" decoding=\"async\" width=\"916\" height=\"1024\" src=\"https:\/\/eportfolio.siue.edu\/nicholas-fowler\/wp-content\/uploads\/sites\/26\/2025\/11\/1.-Missouri-Mississippi-1-916x1024.jpg\" alt=\"\" class=\"wp-image-374\" srcset=\"https:\/\/eportfolio.siue.edu\/nicholas-fowler\/wp-content\/uploads\/sites\/26\/2025\/11\/1.-Missouri-Mississippi-1-916x1024.jpg 916w, https:\/\/eportfolio.siue.edu\/nicholas-fowler\/wp-content\/uploads\/sites\/26\/2025\/11\/1.-Missouri-Mississippi-1-268x300.jpg 268w, https:\/\/eportfolio.siue.edu\/nicholas-fowler\/wp-content\/uploads\/sites\/26\/2025\/11\/1.-Missouri-Mississippi-1-768x859.jpg 768w, https:\/\/eportfolio.siue.edu\/nicholas-fowler\/wp-content\/uploads\/sites\/26\/2025\/11\/1.-Missouri-Mississippi-1-1374x1536.jpg 1374w, https:\/\/eportfolio.siue.edu\/nicholas-fowler\/wp-content\/uploads\/sites\/26\/2025\/11\/1.-Missouri-Mississippi-1-1832x2048.jpg 1832w\" sizes=\"auto, (max-width: 916px) 100vw, 916px\" \/><\/figure>\n\n\n\n<figure class=\"wp-block-image\"><img decoding=\"async\" src=\"https:\/\/www.slam.org\/wp-content\/uploads\/2025\/09\/4.-Lumpeguin-Cigwe-Animiki-1074x1200.jpg\" alt=\"Curator Q&amp;A: Anselm Kiefer: Becoming the Sea - Saint Louis Art Museum\"\/><\/figure>\n\n\n\n<p>Explicaci\u00f3n:<\/p>\n\n\n\n<p>De hecho, mi poema es un \u00e9cfrasis. Me inspir\u00e9 para escribir este poema en la exposici\u00f3n de Anselm Kiefer en el SLAM. Su exposici\u00f3n Convirti\u00e9ndose en el mar trata los temas de la p\u00e9rdida, la historia y el alma. Las obras de Kiefer fueron inspiradas por el misisipi y su gran historia. Tambi\u00e9n, mi poema fue inspirada por \u00e9l. El r\u00edo Misisipi, en este poema, representa el alma del universo. La poema una exaltaci\u00f3n del ambiente natural y de su importancia para la vida humana. Oh, y tambi\u00e9n, uso usted para referir al r\u00edo y el r\u00edo me refiere con &#8220;t\u00fa&#8221; para mostrar mi fealdad a su poder. El r\u00edo es m\u00e1s grande, m\u00e1s importante que los recuerdos y las palabras, construcciones humanas que no importan dentro del gran esquema del universo. El r\u00edo es como un personaje, dotado de esp\u00edritu de la misma manera en que los pueblos ind\u00edgenas se lo dieron. Tambi\u00e9n, me inspir\u00e9 en el r\u00edo del libro Siddhartha de Hermann Hesse, un autor alem\u00e1n como Anselm Kiefer. En su obra, el r\u00edo desempe\u00f1a el mismo papel: conectar el pasado con lo que viene. El r\u00edo tiene la capacidad de renacer tantas veces por la lluvia y el ciclo hidrologico. En mi poema, invoco la vida futura de Tl\u0101l\u014dc\u0101n, el cielo azteca adonde van los ahogados. En Tl\u0101l\u014dc\u0101n existen mi memoria y tambi\u00e9n las memorias de los dioses nativoamericanos, quienes fueron ahogados por los occidentales. Pero, gracias al r\u00edo Misisipi, todav\u00eda existen la memoria m\u00eda y la de ellos.<\/p>\n\n\n\n<p><\/p>\n","protected":false},"excerpt":{"rendered":"<p>Cuando me pasa el mundo,&nbsp;m\u00e1s all\u00e1 de los recuerdos, los verbos&nbsp;que se hubieran dicho.Espero que quede el Misisipi. Usted, que va sin cuidar,&nbsp;sin saber, sin preocuparse,&nbsp;usted que me ensuci\u00f3 el cabello&nbsp;con motas de tierra en su abrazo. \u00a1Que vivir\u00eda una vida como usted!Mientras me quedo separado del alma,&nbsp;usted es todo al mismo punto:&nbsp;el alfa, la [&hellip;]<\/p>\n","protected":false},"author":32,"featured_media":0,"parent":0,"menu_order":0,"comment_status":"closed","ping_status":"closed","template":"","meta":{"_sb_is_suggestion_mode":false,"_sb_show_suggestion_boards":false,"_sb_show_comment_boards":false,"_sb_suggestion_history":"","_sb_update_block_changes":"","footnotes":""},"class_list":["post-366","page","type-page","status-publish","hentry","post-preview"],"_links":{"self":[{"href":"https:\/\/eportfolio.siue.edu\/nicholas-fowler\/wp-json\/wp\/v2\/pages\/366","targetHints":{"allow":["GET"]}}],"collection":[{"href":"https:\/\/eportfolio.siue.edu\/nicholas-fowler\/wp-json\/wp\/v2\/pages"}],"about":[{"href":"https:\/\/eportfolio.siue.edu\/nicholas-fowler\/wp-json\/wp\/v2\/types\/page"}],"author":[{"embeddable":true,"href":"https:\/\/eportfolio.siue.edu\/nicholas-fowler\/wp-json\/wp\/v2\/users\/32"}],"replies":[{"embeddable":true,"href":"https:\/\/eportfolio.siue.edu\/nicholas-fowler\/wp-json\/wp\/v2\/comments?post=366"}],"version-history":[{"count":4,"href":"https:\/\/eportfolio.siue.edu\/nicholas-fowler\/wp-json\/wp\/v2\/pages\/366\/revisions"}],"predecessor-version":[{"id":505,"href":"https:\/\/eportfolio.siue.edu\/nicholas-fowler\/wp-json\/wp\/v2\/pages\/366\/revisions\/505"}],"wp:attachment":[{"href":"https:\/\/eportfolio.siue.edu\/nicholas-fowler\/wp-json\/wp\/v2\/media?parent=366"}],"curies":[{"name":"wp","href":"https:\/\/api.w.org\/{rel}","templated":true}]}}